{"id":25788,"date":"2016-07-14T08:44:13","date_gmt":"2016-07-14T08:44:13","guid":{"rendered":"http:\/\/base.bevouak.fr\/?page_id=25788"},"modified":"2016-12-16T17:29:28","modified_gmt":"2016-12-16T15:29:28","slug":"mentions-legales","status":"publish","type":"page","link":"https:\/\/chamsport.com\/fr\/mentions-legales\/","title":{"rendered":"Mentions l\u00e9gales"},"content":{"rendered":"<p>[et_pb_section admin_label=\u00a0\u00bbsection\u00a0\u00bb transparent_background=\u00a0\u00bboff\u00a0\u00bb background_color=\u00a0\u00bb#191919&Prime; allow_player_pause=\u00a0\u00bboff\u00a0\u00bb inner_shadow=\u00a0\u00bboff\u00a0\u00bb parallax=\u00a0\u00bboff\u00a0\u00bb parallax_method=\u00a0\u00bboff\u00a0\u00bb padding_mobile=\u00a0\u00bboff\u00a0\u00bb make_fullwidth=\u00a0\u00bboff\u00a0\u00bb use_custom_width=\u00a0\u00bboff\u00a0\u00bb width_unit=\u00a0\u00bbon\u00a0\u00bb make_equal=\u00a0\u00bboff\u00a0\u00bb use_custom_gutter=\u00a0\u00bboff\u00a0\u00bb][et_pb_row admin_label=\u00a0\u00bbrow\u00a0\u00bb][et_pb_column type=\u00a0\u00bb4_4&Prime;][et_pb_text admin_label=\u00a0\u00bbTexte\u00a0\u00bb background_layout=\u00a0\u00bbdark\u00a0\u00bb text_orientation=\u00a0\u00bbleft\u00a0\u00bb use_border_color=\u00a0\u00bboff\u00a0\u00bb border_color=\u00a0\u00bb#ffffff\u00a0\u00bb border_style=\u00a0\u00bbsolid\u00a0\u00bb]<\/p>\n<h1>Mentions l\u00e9gales<\/h1>\n<p style=\"text-align: justify;\">Conform\u00e9ment aux dispositions de l\u2019article 6 III-1 de la loi n\u00b0 2004-575 du 21 juin 2004 pour la confiance dans l\u2019\u00e9conomie num\u00e9rique, nous vous informons que :<\/p>\n<p style=\"text-align: justify;\">Le pr\u00e9sent site est \u00e9dit\u00e9 par :<\/p>\n<p style=\"text-align: justify;\">&#8211;\u00a0Cham&rsquo;sport<br \/>\n&#8211; Adresse : <span class=\"hps\">120 place du poilu 74400 Chamonix<\/span><br \/>\n&#8211; Num\u00e9ro de t\u00e9l\u00e9phone : <span class=\"hps\">+33 (0)4 50 97 76<\/span><br \/>\n&#8211; E-mail : <span class=\"hps\">chamsport@live.fr<\/span><\/p>\n<p style=\"text-align: justify;\">Le directeur de la publication est M. <span class=\"hps\">Pierre Astorg<\/span><\/p>\n<p style=\"text-align: justify;\">Le site est h\u00e9berg\u00e9 par: <a href=\"http:\/\/www.siteground.com\/\" target=\"_blank\">SiteGround <\/a>-Washington, D.C. 20002, USA<\/p>\n<p style=\"text-align: justify;\">Le site a \u00e9t\u00e9 r\u00e9alis\u00e9 par: <a href=\"http:\/\/www.bevouak.fr\">BevouaK Sarl<\/a> &#8211; Saint Gervais les Bains (74170) France,<\/p>\n<p style=\"text-align: justify;\">Conform\u00e9ment \u00e0 la loi Informatique et libert\u00e9s du 6 janvier 1978 modifi\u00e9e en 2004, les donn\u00e9es \u00e0 caract\u00e8re personnel sont destin\u00e9es \u00e0 l\u2019exploitant du site et leur usage conforme aux finalit\u00e9s d\u00e9clar\u00e9es \u00e0 la Cnil.<\/p>\n<p style=\"text-align: justify;\">Les donn\u00e9es sont destin\u00e9es \u00e0 l\u2019\u00e9diteur du site M. <span class=\"hps\">Pierre Astorg<\/span>, responsable du traitement.<\/p>\n<p style=\"text-align: justify;\">Les informations indispensables sont signal\u00e9es par un ast\u00e9risque dans le formulaire. A d\u00e9faut il ne pourra \u00eatre r\u00e9pondu \u00e0 la demande de l\u2019utilisateur.<\/p>\n<p style=\"text-align: justify;\">Les autres informations demand\u00e9es, pour lesquelles la r\u00e9ponse de l\u2019utilisateur est facultative, sont destin\u00e9es \u00e0 mieux connaitre l\u2019utilisateur et \u00e0 am\u00e9liorer les services propos\u00e9s.<\/p>\n<p style=\"text-align: justify;\">Conform\u00e9ment aux dispositions de la \u00ab loi Informatique et libert\u00e9s \u00bb du 6 janvier 1978 modifi\u00e9e en 2004, l\u2019utilisateur dispose d\u2019un droit d\u2019acc\u00e8s, de rectification et de suppression des donn\u00e9es \u00e0 caract\u00e8re personnel le concernant. La mise en \u0153uvre de ces droits est possible par simple courriel envoy\u00e9 \u00e0 l\u2019adresse figurant ci-dessus.<\/p>\n<p style=\"text-align: justify;\">L\u2019utilisateur dispose \u00e9galement d\u2019un droit d\u2019opposition au traitement de ses donn\u00e9es pour des motifs l\u00e9gitimes ainsi qu\u2019un droit d\u2019opposition \u00e0 ce que ces donn\u00e9es soient utilis\u00e9es \u00e0 des fins de prospection commerciale.<\/p>\n<p style=\"text-align: justify;\">L\u2019utilisateur est inform\u00e9 que lors de ses visites sur le site, un cookie peut s\u2019installer automatiquement sur son logiciel de navigation.Le param\u00e9trage du logiciel de navigation permet d\u2019informer de la pr\u00e9sence de cookie et \u00e9ventuellement, de la refuser de la mani\u00e8re d\u00e9crite \u00e0 l\u2019adresse suivante http:\/\/www.cnil.fr\/.<\/p>\n<p style=\"text-align: justify;\">La structure g\u00e9n\u00e9rale et l\u2019architecture du site, ainsi que chacun de ses \u00e9l\u00e9ments, notamment les logiciels, textes, images anim\u00e9es ou non, sont prot\u00e9g\u00e9s par le droit d\u2019auteur. A ce titre, toute utilisation et notamment toute reproduction totale ou partielle du site ou de ses \u00e9l\u00e9ments, ainsi que tout transfert de ses \u00e9l\u00e9ments vers un autre site sans l\u2019accord \u00e9crit et expr\u00e8s des ayants droit est interdite et constituerait une contrefa\u00e7on sanctionn\u00e9e par les articles L. 335-2 et suivants du Code de la propri\u00e9t\u00e9 intellectuelle.<\/p>\n<p style=\"text-align: justify;\">Les marques (semi-figuratives ou non), ainsi que les logos figurant sur le site sont prot\u00e9g\u00e9s.<\/p>\n<p style=\"text-align: justify;\">Toute reproduction totale ou partielle de ces marques ou de ces logos effectu\u00e9e \u00e0 partir des \u00e9l\u00e9ments du site sans l&rsquo;autorisation des ayants droit est donc prohib\u00e9e.<\/p>\n<p style=\"text-align: justify;\"><span style=\"text-decoration: underline;\">Information relative aux cookies<\/span><\/p>\n<p>Lors de votre navigation sur <strong>chamsport.com<\/strong>, nous collectons diverses donn\u00e9es, relatives notamment aux caract\u00e9ristiques du syst\u00e8me d\u2019exploitation, du navigateur ou du terminal (ordinateur, tablette ou t\u00e9l\u00e9phone mobile) que vous utilisez, des donn\u00e9es relatives \u00e0 votre localisation (notamment votre adresse IP) ou encore des donn\u00e9es relatives \u00e0 vos interactions avec le contenu de <strong>chamsport.com<\/strong> (nombres de visites sur la plateforme, pages visit\u00e9es et produits achet\u00e9s, publicit\u00e9s sur lesquelles vous cliquez\u2026).<\/p>\n<p>Pour le d\u00e9tail sur l&rsquo;utilisation des cookies sur ce site consultez la page\u00a0 <a href=\"https:\/\/chamsport.com\/fr\/mentions-legales\/information-cookies\/\">information cookies<\/a><\/p>\n<p>[\/et_pb_text][\/et_pb_column][\/et_pb_row][\/et_pb_section]<\/p>\n","protected":false},"excerpt":{"rendered":"<p>Mentions l\u00e9gales Conform\u00e9ment aux dispositions de l\u2019article 6 III-1 de la loi n\u00b0 2004-575 du 21 juin 2004 pour la confiance dans l\u2019\u00e9conomie num\u00e9rique, nous vous informons que : Le pr\u00e9sent site est \u00e9dit\u00e9 par : &#8211;\u00a0Cham&rsquo;sport &#8211; Adresse : 120 place du poilu 74400 Chamonix &#8211; Num\u00e9ro de t\u00e9l\u00e9phone : +33 (0)4 50 97 [&hellip;]<\/p>\n","protected":false},"author":1,"featured_media":0,"parent":0,"menu_order":0,"comment_status":"closed","ping_status":"closed","template":"","meta":{"_et_pb_use_builder":"on","_et_pb_old_content":"","_et_gb_content_width":"","footnotes":""},"class_list":["post-25788","page","type-page","status-publish","hentry"],"yoast_head":"<!-- This site is optimized with the Yoast SEO plugin v27.4 - https:\/\/yoast.com\/product\/yoast-seo-wordpress\/ -->\n<title>Mentions l\u00e9gales - Cham Sport<\/title>\n<meta name=\"robots\" content=\"index, follow, max-snippet:-1, max-image-preview:large, max-video-preview:-1\" \/>\n<link rel=\"canonical\" href=\"https:\/\/chamsport.com\/fr\/mentions-legales\/\" \/>\n<meta property=\"og:locale\" content=\"fr_FR\" \/>\n<meta property=\"og:type\" content=\"article\" \/>\n<meta property=\"og:title\" content=\"Mentions l\u00e9gales - Cham Sport\" \/>\n<meta property=\"og:description\" content=\"Mentions l\u00e9gales Conform\u00e9ment aux dispositions de l\u2019article 6 III-1 de la loi n\u00b0 2004-575 du 21 juin 2004 pour la confiance dans l\u2019\u00e9conomie num\u00e9rique, nous vous informons que : Le pr\u00e9sent site est \u00e9dit\u00e9 par : -\u00a0Cham&#039;sport - Adresse : 120 place du poilu 74400 Chamonix - Num\u00e9ro de t\u00e9l\u00e9phone : +33 (0)4 50 97 [&hellip;]\" \/>\n<meta property=\"og:url\" content=\"https:\/\/chamsport.com\/fr\/mentions-legales\/\" \/>\n<meta property=\"og:site_name\" content=\"Cham Sport\" \/>\n<meta property=\"article:modified_time\" content=\"2016-12-16T15:29:28+00:00\" \/>\n<meta name=\"twitter:card\" content=\"summary_large_image\" \/>\n<meta name=\"twitter:label1\" content=\"Dur\u00e9e de lecture estim\u00e9e\" \/>\n\t<meta name=\"twitter:data1\" content=\"3 minutes\" \/>\n<script type=\"application\/ld+json\" class=\"yoast-schema-graph\">{\"@context\":\"https:\\\/\\\/schema.org\",\"@graph\":[{\"@type\":\"WebPage\",\"@id\":\"https:\\\/\\\/chamsport.com\\\/fr\\\/mentions-legales\\\/\",\"url\":\"https:\\\/\\\/chamsport.com\\\/fr\\\/mentions-legales\\\/\",\"name\":\"Mentions l\u00e9gales - Cham Sport\",\"isPartOf\":{\"@id\":\"https:\\\/\\\/chamsport.com\\\/#website\"},\"datePublished\":\"2016-07-14T08:44:13+00:00\",\"dateModified\":\"2016-12-16T15:29:28+00:00\",\"breadcrumb\":{\"@id\":\"https:\\\/\\\/chamsport.com\\\/fr\\\/mentions-legales\\\/#breadcrumb\"},\"inLanguage\":\"fr-FR\",\"potentialAction\":[{\"@type\":\"ReadAction\",\"target\":[\"https:\\\/\\\/chamsport.com\\\/fr\\\/mentions-legales\\\/\"]}]},{\"@type\":\"BreadcrumbList\",\"@id\":\"https:\\\/\\\/chamsport.com\\\/fr\\\/mentions-legales\\\/#breadcrumb\",\"itemListElement\":[{\"@type\":\"ListItem\",\"position\":1,\"name\":\"Accueil\",\"item\":\"https:\\\/\\\/chamsport.com\\\/fr\\\/\"},{\"@type\":\"ListItem\",\"position\":2,\"name\":\"Mentions l\u00e9gales\"}]},{\"@type\":\"WebSite\",\"@id\":\"https:\\\/\\\/chamsport.com\\\/#website\",\"url\":\"https:\\\/\\\/chamsport.com\\\/\",\"name\":\"Cham Sport\",\"description\":\"Ski shop Chamonix\",\"potentialAction\":[{\"@type\":\"SearchAction\",\"target\":{\"@type\":\"EntryPoint\",\"urlTemplate\":\"https:\\\/\\\/chamsport.com\\\/?s={search_term_string}\"},\"query-input\":{\"@type\":\"PropertyValueSpecification\",\"valueRequired\":true,\"valueName\":\"search_term_string\"}}],\"inLanguage\":\"fr-FR\"}]}<\/script>\n<!-- \/ Yoast SEO plugin. -->","yoast_head_json":{"title":"Mentions l\u00e9gales - Cham Sport","robots":{"index":"index","follow":"follow","max-snippet":"max-snippet:-1","max-image-preview":"max-image-preview:large","max-video-preview":"max-video-preview:-1"},"canonical":"https:\/\/chamsport.com\/fr\/mentions-legales\/","og_locale":"fr_FR","og_type":"article","og_title":"Mentions l\u00e9gales - Cham Sport","og_description":"Mentions l\u00e9gales Conform\u00e9ment aux dispositions de l\u2019article 6 III-1 de la loi n\u00b0 2004-575 du 21 juin 2004 pour la confiance dans l\u2019\u00e9conomie num\u00e9rique, nous vous informons que : Le pr\u00e9sent site est \u00e9dit\u00e9 par : -\u00a0Cham'sport - Adresse : 120 place du poilu 74400 Chamonix - Num\u00e9ro de t\u00e9l\u00e9phone : +33 (0)4 50 97 [&hellip;]","og_url":"https:\/\/chamsport.com\/fr\/mentions-legales\/","og_site_name":"Cham Sport","article_modified_time":"2016-12-16T15:29:28+00:00","twitter_card":"summary_large_image","twitter_misc":{"Dur\u00e9e de lecture estim\u00e9e":"3 minutes"},"schema":{"@context":"https:\/\/schema.org","@graph":[{"@type":"WebPage","@id":"https:\/\/chamsport.com\/fr\/mentions-legales\/","url":"https:\/\/chamsport.com\/fr\/mentions-legales\/","name":"Mentions l\u00e9gales - Cham Sport","isPartOf":{"@id":"https:\/\/chamsport.com\/#website"},"datePublished":"2016-07-14T08:44:13+00:00","dateModified":"2016-12-16T15:29:28+00:00","breadcrumb":{"@id":"https:\/\/chamsport.com\/fr\/mentions-legales\/#breadcrumb"},"inLanguage":"fr-FR","potentialAction":[{"@type":"ReadAction","target":["https:\/\/chamsport.com\/fr\/mentions-legales\/"]}]},{"@type":"BreadcrumbList","@id":"https:\/\/chamsport.com\/fr\/mentions-legales\/#breadcrumb","itemListElement":[{"@type":"ListItem","position":1,"name":"Accueil","item":"https:\/\/chamsport.com\/fr\/"},{"@type":"ListItem","position":2,"name":"Mentions l\u00e9gales"}]},{"@type":"WebSite","@id":"https:\/\/chamsport.com\/#website","url":"https:\/\/chamsport.com\/","name":"Cham Sport","description":"Ski shop Chamonix","potentialAction":[{"@type":"SearchAction","target":{"@type":"EntryPoint","urlTemplate":"https:\/\/chamsport.com\/?s={search_term_string}"},"query-input":{"@type":"PropertyValueSpecification","valueRequired":true,"valueName":"search_term_string"}}],"inLanguage":"fr-FR"}]}},"_links":{"self":[{"href":"https:\/\/chamsport.com\/fr\/wp-json\/wp\/v2\/pages\/25788","targetHints":{"allow":["GET"]}}],"collection":[{"href":"https:\/\/chamsport.com\/fr\/wp-json\/wp\/v2\/pages"}],"about":[{"href":"https:\/\/chamsport.com\/fr\/wp-json\/wp\/v2\/types\/page"}],"author":[{"embeddable":true,"href":"https:\/\/chamsport.com\/fr\/wp-json\/wp\/v2\/users\/1"}],"replies":[{"embeddable":true,"href":"https:\/\/chamsport.com\/fr\/wp-json\/wp\/v2\/comments?post=25788"}],"version-history":[{"count":0,"href":"https:\/\/chamsport.com\/fr\/wp-json\/wp\/v2\/pages\/25788\/revisions"}],"wp:attachment":[{"href":"https:\/\/chamsport.com\/fr\/wp-json\/wp\/v2\/media?parent=25788"}],"curies":[{"name":"wp","href":"https:\/\/api.w.org\/{rel}","templated":true}]}}